{"id":5597,"date":"2023-03-07T12:25:41","date_gmt":"2023-03-07T12:25:41","guid":{"rendered":"https:\/\/canveri.es\/politica-de-cookies\/"},"modified":"2023-04-21T09:57:42","modified_gmt":"2023-04-21T09:57:42","slug":"politica-de-cookies","status":"publish","type":"page","link":"https:\/\/canveri.es\/en\/politica-de-cookies\/","title":{"rendered":"Cookie Policy"},"content":{"rendered":"\t\t<div data-elementor-type=\"wp-page\" data-elementor-id=\"5597\" class=\"elementor elementor-5597 elementor-3673\">\n\t\t\t\t\t\t<section class=\"elementor-section elementor-top-section elementor-element elementor-element-5974503f elementor-section-full_width elementor-section-height-min-height elementor-section-items-bottom elementor-section-height-default\" data-id=\"5974503f\" data-element_type=\"section\" data-settings=\"{&quot;background_background&quot;:&quot;classic&quot;}\">\n\t\t\t\t\t\t\t<div class=\"elementor-background-overlay\"><\/div>\n\t\t\t\t\t\t\t<div class=\"elementor-container elementor-column-gap-default\">\n\t\t\t\t\t<div class=\"elementor-column elementor-col-100 elementor-top-column elementor-element elementor-element-46f8836b\" data-id=\"46f8836b\" data-element_type=\"column\">\n\t\t\t<div class=\"elementor-widget-wrap elementor-element-populated\">\n\t\t\t\t\t\t<div class=\"elementor-element elementor-element-533564cb elementor-widget elementor-widget-heading\" data-id=\"533564cb\" data-element_type=\"widget\" data-widget_type=\"heading.default\">\n\t\t\t\t<div class=\"elementor-widget-container\">\n\t\t\t\t\t<div class=\"elementor-heading-title elementor-size-default\">Cookie Policy<\/div>\t\t\t\t<\/div>\n\t\t\t\t<\/div>\n\t\t\t\t<div class=\"elementor-element elementor-element-742e635b elementor-widget elementor-widget-spacer\" data-id=\"742e635b\" data-element_type=\"widget\" data-widget_type=\"spacer.default\">\n\t\t\t\t<div class=\"elementor-widget-container\">\n\t\t\t\t\t\t\t<div class=\"elementor-spacer\">\n\t\t\t<div class=\"elementor-spacer-inner\"><\/div>\n\t\t<\/div>\n\t\t\t\t\t\t<\/div>\n\t\t\t\t<\/div>\n\t\t\t\t\t<\/div>\n\t\t<\/div>\n\t\t\t\t\t<\/div>\n\t\t<\/section>\n\t\t\t\t<section class=\"elementor-section elementor-top-section elementor-element elementor-element-091f2d7 elementor-section-boxed elementor-section-height-default elementor-section-height-default\" data-id=\"091f2d7\" data-element_type=\"section\">\n\t\t\t\t\t\t<div class=\"elementor-container elementor-column-gap-default\">\n\t\t\t\t\t<div class=\"elementor-column elementor-col-100 elementor-top-column elementor-element elementor-element-6e9c29a\" data-id=\"6e9c29a\" data-element_type=\"column\">\n\t\t\t<div class=\"elementor-widget-wrap elementor-element-populated\">\n\t\t\t\t\t\t<div class=\"elementor-element elementor-element-ac7bf90 elementor-widget elementor-widget-text-editor\" data-id=\"ac7bf90\" data-element_type=\"widget\" data-widget_type=\"text-editor.default\">\n\t\t\t\t<div class=\"elementor-widget-container\">\n\t\t\t\t\t\t\t\t\t<div class=\"info_page-subtitle\"><div class=\"body-1\"><div class=\"info_page-subtitle\"><div class=\"body-1\"><strong>Pol\u00edtica de cookies<\/strong><\/div><div>\u00a0<\/div><\/div><div class=\"info_page-text\"><div class=\"body-1\">En cumplimiento con el deber de informaci\u00f3n recogido en el apartado 2\u00ba del art\u00edculo 22 de la Ley 34\/2002, de 11 de Julio, de Servicios de la Sociedad de la Informaci\u00f3n y del Comercio Electr\u00f3nico, la presente pol\u00edtica de cookies tiene por finalidad informarle de manera clara y precisa sobre las cookies que se utilizan en la p\u00e1gina web de Can Ver\u00ed Suites.<\/div><div>\u00a0<\/div><\/div><div class=\"info_page-subtitle\"><div class=\"body-1\"><strong>\u00bfQu\u00e9 son las cookies?<\/strong><\/div><div>\u00a0<\/div><\/div><div class=\"info_page-text\"><div class=\"body-1\">Una cookie es un fichero de peque\u00f1o tama\u00f1o que los sitios web env\u00edan al navegador y se descargan en su ordenador. Las cookies permiten que la p\u00e1gina web almacene y recupere la informaci\u00f3n sobre su visita, como su idioma preferido y otras opciones, con el fin de mejorar los servicios que se ofrecen y contribuir a tener una mejor experiencia de navegaci\u00f3n para el usuario.<\/div><div>\u00a0<\/div><\/div><div class=\"info_page-subtitle\"><div class=\"body-1\"><strong>Tipos de cookies<\/strong><\/div><div>\u00a0<\/div><\/div><div class=\"info_page-text\"><div class=\"body-1\">En funci\u00f3n de qui\u00e9n gestione el dominio desde donde se env\u00edan las cookies y se traten los datos, se distinguir\u00e1 entre cookies propias y cookies de terceros.<br \/>\u200d<br \/>Las cookies tambi\u00e9n pueden clasificarse seg\u00fan el plazo de tiempo que permanezcan almacenadas en el navegador del usuario, distingui\u00e9ndose entre cookies de sesi\u00f3n o cookies persistentes.<br \/>\u200d<br \/>Finalmente, en funci\u00f3n de la finalidad para la que se trate la informaci\u00f3n recopilada, las cookies se pueden clasificar en las siguientes categor\u00edas:<br \/>\u200d<br \/>Cookies t\u00e9cnicas: permiten al usuario navegar por un sitio web y utilizar algunos de los servicios ofrecidos por el mismo (como, por ejemplo, las que sirven para recordar los elementos integrantes de un carrito de compra).<br \/>\u200d<br \/>Cookies de personalizaci\u00f3n: permiten que el usuario acceda al sitio web con unas caracter\u00edsticas determinadas, como puede ser el idioma.<br \/>\u200d<br \/>Cookies de seguridad: sirven para impedir o dificultar los ataques contra el sitio web.<br \/>\u200d<br \/>Cookies de complemento para intercambiar contenidos sociales: los llamados plug- in, que permiten compartir contenidos en redes sociales.<br \/>\u200d<br \/>Cookies de an\u00e1lisis: permiten al responsable el seguimiento del comportamiento del usuario.<br \/>\u200d<br \/>Cookies publicitarias: permiten gestionar los espacios de publicidad del sitio web.<br \/>\u200d<br \/>Cookies de publicidad comportamental: como las anteriores, sirven para gestionar los espacios de publicidad del sitio web en funci\u00f3n de la informaci\u00f3n recogida sobre el comportamiento del usuario y sus h\u00e1bitos, adaptando la publicidad al perfil del usuario. Cookies de geolocalizaci\u00f3n: utilizadas para averiguar el pa\u00eds d\u00f3nde se encuentra el usuario.<\/div><div>\u00a0<\/div><\/div><div class=\"info_page-subtitle\"><div class=\"body-1\"><strong>Autorizaci\u00f3n para el uso de cookies<br \/><\/strong><\/div><div>\u00a0<\/div><\/div><div class=\"info_page-text\"><div class=\"body-1\">De conformidad con el aviso de cookies que aparece en el sitio web, el usuario puede consentir expresamente el uso de cookies que requieran consentimiento; sin embargo, el uso de cookies t\u00e9cnicas o necesarias no requiere de consentimiento. Sin perjuicio de todo ello, el usuario puede modificar la configuraci\u00f3n de su navegador para rechazar el uso de las cookies.<\/div><div>\u00a0<\/div><\/div><div class=\"info_page-subtitle\"><div class=\"body-1\"><strong>C\u00f3mo modificar la configuraci\u00f3n de las cookies<\/strong><\/div><div>\u00a0<\/div><div class=\"body-1\">Usted puede restringir, bloquear o borrar las cookies de Can Ver\u00ed Suites o cualquier otra p\u00e1gina web utilizando su navegador. En cada navegador la operativa es diferente, puede encontrar c\u00f3mo hacerlo en el men\u00fa de ayuda de su navegador d\u00f3nde se establece el procedimiento para su eliminaci\u00f3n. Para m\u00e1s informaci\u00f3n:<\/div><\/div><div class=\"info_page-text\"><div class=\"body-1\"><p>Google Chrome:<br \/><a class=\"info_page-text-link\" href=\"https:\/\/support.google.com\/chrome\/answer\/95647?co=GENIE.Platform%253DDesktop&amp;hl=es\" target=\"_blank\" rel=\"noopener\">https:\/\/support.google.com\/chrome\/answer\/95647?co=GENIE.Platform%3DDesktop&amp;hl=es<\/a><\/p><p>Mozilla Firefox:<br \/><a class=\"info_page-text-link\" href=\"https:\/\/support.mozilla.org\/es\/kb\/habilitar-y-deshabilitar-cookies-sitios-web-rastrear-preferencias\" target=\"_blank\" rel=\"noopener\">https:\/\/support.moz illa.org\/es\/kb\/habilitar- y- deshabilitar- cookies- sitios- web- rastrear- preferencias<br \/><\/a>\u00a0<br \/>Safari:<br \/><a class=\"info_page-text-link\" href=\"https:\/\/support.apple.com\/es-es\/guide\/safari\/sfri11471\/mac\" target=\"_blank\" rel=\"noopener\">https:\/\/support.apple.com\/es- es\/guide\/safari\/sfri11471\/mac<\/a><\/p><p>Internet Explorer:<br \/><a class=\"info_page-text-link\" href=\"https:\/\/support.microsoft.com\/es-es\/topic\/c%C3%B3mo-eliminar-archivos-de-cookies-en-internet-explorer-bca9446f-d873-78de-77ba-d42645fa52fc\" target=\"_blank\" rel=\"noopener\">https:\/\/support.microsoft.com\/es- es\/help\/278835\/how-to-delete-cookie-files-in-internet-explorer<\/a><\/p><\/div><\/div><div class=\"info_page-text\"><div class=\"body-1\">Es posible que al deshabilitar las cookies la p\u00e1gina web no funcione correctamente o no pueda acceder a determinadas funciones de la misma.<\/div><div class=\"body-1\"><strong>\u200d<\/strong><\/div><\/div><div class=\"info_page-subtitle\"><div class=\"body-1\"><strong>Cookies utilizadas en la web<br \/><\/strong><\/div><div>\u00a0<\/div><\/div><div class=\"info_page-text\"><div class=\"body-1\"><strong>\u200d<\/strong>En el portal web se utilizan diferentes tipos de cookies con distintas finalidades, a continuaci\u00f3n, se enumeran las cookies empleadas:<\/div><\/div><\/div><\/div>\t\t\t\t\t\t\t\t<\/div>\n\t\t\t\t<\/div>\n\t\t\t\t<div class=\"elementor-element elementor-element-b1da202 elementor-widget-divider--view-line elementor-widget elementor-widget-divider\" data-id=\"b1da202\" data-element_type=\"widget\" data-widget_type=\"divider.default\">\n\t\t\t\t<div class=\"elementor-widget-container\">\n\t\t\t\t\t\t\t<div class=\"elementor-divider\">\n\t\t\t<span class=\"elementor-divider-separator\">\n\t\t\t\t\t\t<\/span>\n\t\t<\/div>\n\t\t\t\t\t\t<\/div>\n\t\t\t\t<\/div>\n\t\t\t\t<div class=\"elementor-element elementor-element-5a58909 elementor-widget elementor-widget-text-editor\" data-id=\"5a58909\" data-element_type=\"widget\" data-widget_type=\"text-editor.default\">\n\t\t\t\t<div class=\"elementor-widget-container\">\n\t\t\t\t\t\t\t\t\t<p><strong>Cookie: <\/strong>_ga<\/p><p><strong>Description: <\/strong>This cookie is installed by Google Analytics. The cookie is used to calculate visitor, session, campaign data and keep track of site usage for the site\u2019s analytics report. The cookies store information anonymously and assign a randomly generated number to identify unique visitors.<\/p><p><strong>Duration: <\/strong>2 years<\/p><div class=\"info_page-table-cell\"><div class=\"body-1\"><strong>Type:\u00a0<\/strong>Analytics<\/div><\/div>\t\t\t\t\t\t\t\t<\/div>\n\t\t\t\t<\/div>\n\t\t\t\t<div class=\"elementor-element elementor-element-e6348d3 elementor-widget-divider--view-line elementor-widget elementor-widget-divider\" data-id=\"e6348d3\" data-element_type=\"widget\" data-widget_type=\"divider.default\">\n\t\t\t\t<div class=\"elementor-widget-container\">\n\t\t\t\t\t\t\t<div class=\"elementor-divider\">\n\t\t\t<span class=\"elementor-divider-separator\">\n\t\t\t\t\t\t<\/span>\n\t\t<\/div>\n\t\t\t\t\t\t<\/div>\n\t\t\t\t<\/div>\n\t\t\t\t<div class=\"elementor-element elementor-element-547b6fb elementor-widget elementor-widget-text-editor\" data-id=\"547b6fb\" data-element_type=\"widget\" data-widget_type=\"text-editor.default\">\n\t\t\t\t<div class=\"elementor-widget-container\">\n\t\t\t\t\t\t\t\t\t<p><strong>Cookie:<\/strong>_gid<\/p><p><strong>Description:<\/strong>This cookie is installed by Google Analytics. The cookie is used to store information of how visitors use a website and helps in creating an analytics report of how the wbsite is doing. The data collected including the number visitors, the source where they have come from, and the pages viisted in an anonymous form.<\/p><p><strong>Duration: <\/strong>1 day<\/p><div class=\"info_page-table-cell\"><div class=\"body-1\"><strong>Type:\u00a0<\/strong>Analytics<\/div><\/div>\t\t\t\t\t\t\t\t<\/div>\n\t\t\t\t<\/div>\n\t\t\t\t<div class=\"elementor-element elementor-element-315b176 elementor-widget-divider--view-line elementor-widget elementor-widget-divider\" data-id=\"315b176\" data-element_type=\"widget\" data-widget_type=\"divider.default\">\n\t\t\t\t<div class=\"elementor-widget-container\">\n\t\t\t\t\t\t\t<div class=\"elementor-divider\">\n\t\t\t<span class=\"elementor-divider-separator\">\n\t\t\t\t\t\t<\/span>\n\t\t<\/div>\n\t\t\t\t\t\t<\/div>\n\t\t\t\t<\/div>\n\t\t\t\t<div class=\"elementor-element elementor-element-76cc93b elementor-widget elementor-widget-text-editor\" data-id=\"76cc93b\" data-element_type=\"widget\" data-widget_type=\"text-editor.default\">\n\t\t\t\t<div class=\"elementor-widget-container\">\n\t\t\t\t\t\t\t\t\t<p><strong>Cookie:<\/strong>_gat_gtag_UA_154670685_1<\/p><p><strong>Description:<\/strong>Google uses this cookie to distinguish users.<\/p><p><strong>Duration: <\/strong>1 minute<\/p><div class=\"info_page-table-cell\"><div class=\"body-1\"><strong>Type:\u00a0<\/strong>Analytics<\/div><\/div>\t\t\t\t\t\t\t\t<\/div>\n\t\t\t\t<\/div>\n\t\t\t\t<div class=\"elementor-element elementor-element-6d5d000 elementor-widget-divider--view-line elementor-widget elementor-widget-divider\" data-id=\"6d5d000\" data-element_type=\"widget\" data-widget_type=\"divider.default\">\n\t\t\t\t<div class=\"elementor-widget-container\">\n\t\t\t\t\t\t\t<div class=\"elementor-divider\">\n\t\t\t<span class=\"elementor-divider-separator\">\n\t\t\t\t\t\t<\/span>\n\t\t<\/div>\n\t\t\t\t\t\t<\/div>\n\t\t\t\t<\/div>\n\t\t\t\t<div class=\"elementor-element elementor-element-434f8f5 elementor-widget elementor-widget-text-editor\" data-id=\"434f8f5\" data-element_type=\"widget\" data-widget_type=\"text-editor.default\">\n\t\t\t\t<div class=\"elementor-widget-container\">\n\t\t\t\t\t\t\t\t\t<p><strong>Modificaci\u00f3n de las condiciones<\/strong><\/p><p>Can Ver\u00ed Suites se reserva expresamente el derecho a modificar unilateralmente, total o parcialmente, sin necesidad de previo aviso, la presente Pol\u00edtica de Cookies. El usuario reconoce y acepta que es su responsabilidad revisar la presente Pol\u00edtica de Cookies.<\/p>\t\t\t\t\t\t\t\t<\/div>\n\t\t\t\t<\/div>\n\t\t\t\t\t<\/div>\n\t\t<\/div>\n\t\t\t\t\t<\/div>\n\t\t<\/section>\n\t\t\t\t<\/div>\n\t\t","protected":false},"excerpt":{"rendered":"<p>Cookie Policy Pol\u00edtica de cookies&nbsp;En cumplimiento con el deber de informaci\u00f3n recogido en el apartado 2\u00ba del art\u00edculo 22 de la Ley 34\/2002, de 11 de Julio, de Servicios de la Sociedad de la Informaci\u00f3n y del Comercio Electr\u00f3nico, la presente pol\u00edtica de cookies tiene por finalidad informarle de manera clara y precisa sobre las [&hellip;]<\/p>\n","protected":false},"author":1,"featured_media":0,"parent":0,"menu_order":0,"comment_status":"closed","ping_status":"closed","template":"elementor_header_footer","meta":{"footnotes":""},"class_list":["post-5597","page","type-page","status-publish","hentry"],"yoast_head":"<!-- This site is optimized with the Yoast SEO plugin v26.2 - https:\/\/yoast.com\/wordpress\/plugins\/seo\/ -->\n<title>Cookies Policy | CAN VER\u00cd Boutique Suites in S\u00f3ller, Majorca<\/title>\n<meta name=\"robots\" content=\"index, follow, max-snippet:-1, max-image-preview:large, max-video-preview:-1\" \/>\n<link rel=\"canonical\" href=\"https:\/\/canveri.es\/en\/politica-de-cookies\/\" \/>\n<meta property=\"og:locale\" content=\"en_US\" \/>\n<meta property=\"og:type\" content=\"article\" \/>\n<meta property=\"og:title\" content=\"Cookies Policy | CAN VER\u00cd Boutique Suites in S\u00f3ller, Majorca\" \/>\n<meta property=\"og:description\" content=\"Cookie Policy Pol\u00edtica de cookies&nbsp;En cumplimiento con el deber de informaci\u00f3n recogido en el apartado 2\u00ba del art\u00edculo 22 de la Ley 34\/2002, de 11 de Julio, de Servicios de la Sociedad de la Informaci\u00f3n y del Comercio Electr\u00f3nico, la presente pol\u00edtica de cookies tiene por finalidad informarle de manera clara y precisa sobre las [&hellip;]\" \/>\n<meta property=\"og:url\" content=\"https:\/\/canveri.es\/en\/politica-de-cookies\/\" \/>\n<meta property=\"og:site_name\" content=\"Can Veri\" \/>\n<meta property=\"article:modified_time\" content=\"2023-04-21T09:57:42+00:00\" \/>\n<meta name=\"twitter:card\" content=\"summary_large_image\" \/>\n<meta name=\"twitter:label1\" content=\"Est. reading time\" \/>\n\t<meta name=\"twitter:data1\" content=\"4 minutes\" \/>\n<script type=\"application\/ld+json\" class=\"yoast-schema-graph\">{\"@context\":\"https:\/\/schema.org\",\"@graph\":[{\"@type\":\"WebPage\",\"@id\":\"https:\/\/canveri.es\/en\/politica-de-cookies\/\",\"url\":\"https:\/\/canveri.es\/en\/politica-de-cookies\/\",\"name\":\"Cookies Policy | CAN VER\u00cd Boutique Suites in S\u00f3ller, Majorca\",\"isPartOf\":{\"@id\":\"https:\/\/canveri.es\/#website\"},\"datePublished\":\"2023-03-07T12:25:41+00:00\",\"dateModified\":\"2023-04-21T09:57:42+00:00\",\"breadcrumb\":{\"@id\":\"https:\/\/canveri.es\/en\/politica-de-cookies\/#breadcrumb\"},\"inLanguage\":\"en-US\",\"potentialAction\":[{\"@type\":\"ReadAction\",\"target\":[\"https:\/\/canveri.es\/en\/politica-de-cookies\/\"]}]},{\"@type\":\"BreadcrumbList\",\"@id\":\"https:\/\/canveri.es\/en\/politica-de-cookies\/#breadcrumb\",\"itemListElement\":[{\"@type\":\"ListItem\",\"position\":1,\"name\":\"Portada\",\"item\":\"https:\/\/canveri.es\/en\/\"},{\"@type\":\"ListItem\",\"position\":2,\"name\":\"Cookie Policy\"}]},{\"@type\":\"WebSite\",\"@id\":\"https:\/\/canveri.es\/#website\",\"url\":\"https:\/\/canveri.es\/\",\"name\":\"Can Veri\",\"description\":\"Suites en S\u00f3ller\",\"potentialAction\":[{\"@type\":\"SearchAction\",\"target\":{\"@type\":\"EntryPoint\",\"urlTemplate\":\"https:\/\/canveri.es\/?s={search_term_string}\"},\"query-input\":{\"@type\":\"PropertyValueSpecification\",\"valueRequired\":true,\"valueName\":\"search_term_string\"}}],\"inLanguage\":\"en-US\"}]}<\/script>\n<!-- \/ Yoast SEO plugin. -->","yoast_head_json":{"title":"Cookies Policy | CAN VER\u00cd Boutique Suites in S\u00f3ller, Majorca","robots":{"index":"index","follow":"follow","max-snippet":"max-snippet:-1","max-image-preview":"max-image-preview:large","max-video-preview":"max-video-preview:-1"},"canonical":"https:\/\/canveri.es\/en\/politica-de-cookies\/","og_locale":"en_US","og_type":"article","og_title":"Cookies Policy | CAN VER\u00cd Boutique Suites in S\u00f3ller, Majorca","og_description":"Cookie Policy Pol\u00edtica de cookies&nbsp;En cumplimiento con el deber de informaci\u00f3n recogido en el apartado 2\u00ba del art\u00edculo 22 de la Ley 34\/2002, de 11 de Julio, de Servicios de la Sociedad de la Informaci\u00f3n y del Comercio Electr\u00f3nico, la presente pol\u00edtica de cookies tiene por finalidad informarle de manera clara y precisa sobre las [&hellip;]","og_url":"https:\/\/canveri.es\/en\/politica-de-cookies\/","og_site_name":"Can Veri","article_modified_time":"2023-04-21T09:57:42+00:00","twitter_card":"summary_large_image","twitter_misc":{"Est. reading time":"4 minutes"},"schema":{"@context":"https:\/\/schema.org","@graph":[{"@type":"WebPage","@id":"https:\/\/canveri.es\/en\/politica-de-cookies\/","url":"https:\/\/canveri.es\/en\/politica-de-cookies\/","name":"Cookies Policy | CAN VER\u00cd Boutique Suites in S\u00f3ller, Majorca","isPartOf":{"@id":"https:\/\/canveri.es\/#website"},"datePublished":"2023-03-07T12:25:41+00:00","dateModified":"2023-04-21T09:57:42+00:00","breadcrumb":{"@id":"https:\/\/canveri.es\/en\/politica-de-cookies\/#breadcrumb"},"inLanguage":"en-US","potentialAction":[{"@type":"ReadAction","target":["https:\/\/canveri.es\/en\/politica-de-cookies\/"]}]},{"@type":"BreadcrumbList","@id":"https:\/\/canveri.es\/en\/politica-de-cookies\/#breadcrumb","itemListElement":[{"@type":"ListItem","position":1,"name":"Portada","item":"https:\/\/canveri.es\/en\/"},{"@type":"ListItem","position":2,"name":"Cookie Policy"}]},{"@type":"WebSite","@id":"https:\/\/canveri.es\/#website","url":"https:\/\/canveri.es\/","name":"Can Veri","description":"Suites en S\u00f3ller","potentialAction":[{"@type":"SearchAction","target":{"@type":"EntryPoint","urlTemplate":"https:\/\/canveri.es\/?s={search_term_string}"},"query-input":{"@type":"PropertyValueSpecification","valueRequired":true,"valueName":"search_term_string"}}],"inLanguage":"en-US"}]}},"_links":{"self":[{"href":"https:\/\/canveri.es\/en\/wp-json\/wp\/v2\/pages\/5597","targetHints":{"allow":["GET"]}}],"collection":[{"href":"https:\/\/canveri.es\/en\/wp-json\/wp\/v2\/pages"}],"about":[{"href":"https:\/\/canveri.es\/en\/wp-json\/wp\/v2\/types\/page"}],"author":[{"embeddable":true,"href":"https:\/\/canveri.es\/en\/wp-json\/wp\/v2\/users\/1"}],"replies":[{"embeddable":true,"href":"https:\/\/canveri.es\/en\/wp-json\/wp\/v2\/comments?post=5597"}],"version-history":[{"count":4,"href":"https:\/\/canveri.es\/en\/wp-json\/wp\/v2\/pages\/5597\/revisions"}],"predecessor-version":[{"id":6118,"href":"https:\/\/canveri.es\/en\/wp-json\/wp\/v2\/pages\/5597\/revisions\/6118"}],"wp:attachment":[{"href":"https:\/\/canveri.es\/en\/wp-json\/wp\/v2\/media?parent=5597"}],"curies":[{"name":"wp","href":"https:\/\/api.w.org\/{rel}","templated":true}]}}